{"id":13529,"date":"2023-07-18T21:02:29","date_gmt":"2023-07-18T21:02:29","guid":{"rendered":"https:\/\/business.reobiztheme.com\/?page_id=13529"},"modified":"2023-07-18T21:02:29","modified_gmt":"2023-07-18T21:02:29","slug":"blog","status":"publish","type":"page","link":"https:\/\/demo02wesoftwaredesign.com.br\/?page_id=13529","title":{"rendered":"Blog"},"content":{"rendered":"","protected":false},"excerpt":{"rendered":"","protected":false},"author":1,"featured_media":0,"parent":0,"menu_order":0,"comment_status":"closed","ping_status":"closed","template":"","meta":{"footnotes":""},"class_list":["post-13529","page","type-page","status-publish","hentry"],"yoast_head":"<!-- This site is optimized with the Yoast SEO Premium plugin v22.7 (Yoast SEO v27.1.1) - https:\/\/yoast.com\/product\/yoast-seo-premium-wordpress\/ -->\n<title>Blog - Hunos Import<\/title>\n<meta name=\"robots\" content=\"index, follow, max-snippet:-1, max-image-preview:large, max-video-preview:-1\" \/>\n<link rel=\"canonical\" href=\"https:\/\/demo02wesoftwaredesign.com.br\/?page_id=13529\" \/>\n<meta property=\"og:locale\" content=\"pt_BR\" \/>\n<meta property=\"og:type\" content=\"article\" \/>\n<meta property=\"og:title\" content=\"Blog\" \/>\n<meta property=\"og:url\" content=\"https:\/\/demo02wesoftwaredesign.com.br\/?page_id=13529\" \/>\n<meta property=\"og:site_name\" content=\"Hunos Import\" \/>\n<meta property=\"article:publisher\" content=\"https:\/\/www.facebook.com\/hunosexpimp\" \/>\n<meta name=\"twitter:card\" content=\"summary_large_image\" \/>\n<script type=\"application\/ld+json\" class=\"yoast-schema-graph\">{\"@context\":\"https:\/\/schema.org\",\"@graph\":[{\"@type\":[\"WebPage\",\"CollectionPage\"],\"@id\":\"https:\/\/demo02wesoftwaredesign.com.br\/?page_id=13529\",\"url\":\"https:\/\/demo02wesoftwaredesign.com.br\/?page_id=13529\",\"name\":\"Blog - Hunos Import\",\"isPartOf\":{\"@id\":\"https:\/\/demo02wesoftwaredesign.com.br\/#website\"},\"datePublished\":\"2023-07-18T21:02:29+00:00\",\"breadcrumb\":{\"@id\":\"https:\/\/demo02wesoftwaredesign.com.br\/?page_id=13529#breadcrumb\"},\"inLanguage\":\"pt-BR\"},{\"@type\":\"BreadcrumbList\",\"@id\":\"https:\/\/demo02wesoftwaredesign.com.br\/?page_id=13529#breadcrumb\",\"itemListElement\":[{\"@type\":\"ListItem\",\"position\":1,\"name\":\"In\u00edcio\",\"item\":\"https:\/\/demo02wesoftwaredesign.com.br\/\"},{\"@type\":\"ListItem\",\"position\":2,\"name\":\"Blog\"}]},{\"@type\":\"WebSite\",\"@id\":\"https:\/\/demo02wesoftwaredesign.com.br\/#website\",\"url\":\"https:\/\/demo02wesoftwaredesign.com.br\/\",\"name\":\"Hunos Import\",\"description\":\"Especialistas em Canton Fair, importa\u00e7\u00e3o e exporta\u00e7\u00e3o, transformamos oportunidades globais em resultados reais para a sua empresa\",\"publisher\":{\"@id\":\"https:\/\/demo02wesoftwaredesign.com.br\/#organization\"},\"potentialAction\":[{\"@type\":\"SearchAction\",\"target\":{\"@type\":\"EntryPoint\",\"urlTemplate\":\"https:\/\/demo02wesoftwaredesign.com.br\/?s={search_term_string}\"},\"query-input\":{\"@type\":\"PropertyValueSpecification\",\"valueRequired\":true,\"valueName\":\"search_term_string\"}}],\"inLanguage\":\"pt-BR\"},{\"@type\":[\"Organization\",\"Place\"],\"@id\":\"https:\/\/demo02wesoftwaredesign.com.br\/#organization\",\"name\":\"Hunos Import\",\"url\":\"https:\/\/demo02wesoftwaredesign.com.br\/\",\"logo\":{\"@id\":\"https:\/\/demo02wesoftwaredesign.com.br\/?page_id=13529#local-main-organization-logo\"},\"image\":{\"@id\":\"https:\/\/demo02wesoftwaredesign.com.br\/?page_id=13529#local-main-organization-logo\"},\"sameAs\":[\"https:\/\/www.facebook.com\/hunosexpimp\"],\"telephone\":[],\"openingHoursSpecification\":[{\"@type\":\"OpeningHoursSpecification\",\"dayOfWeek\":[\"Monday\",\"Tuesday\",\"Wednesday\",\"Thursday\",\"Friday\",\"Saturday\",\"Sunday\"],\"opens\":\"09:00\",\"closes\":\"17:00\"}]},{\"@type\":\"ImageObject\",\"inLanguage\":\"pt-BR\",\"@id\":\"https:\/\/demo02wesoftwaredesign.com.br\/?page_id=13529#local-main-organization-logo\",\"url\":\"https:\/\/demo02wesoftwaredesign.com.br\/wp-content\/uploads\/2025\/09\/logoaioficial.png\",\"contentUrl\":\"https:\/\/demo02wesoftwaredesign.com.br\/wp-content\/uploads\/2025\/09\/logoaioficial.png\",\"width\":1010,\"height\":410,\"caption\":\"Hunos Import\"}]}<\/script>\n<!-- \/ Yoast SEO Premium plugin. -->","yoast_head_json":{"title":"Blog - Hunos Import","robots":{"index":"index","follow":"follow","max-snippet":"max-snippet:-1","max-image-preview":"max-image-preview:large","max-video-preview":"max-video-preview:-1"},"canonical":"https:\/\/demo02wesoftwaredesign.com.br\/?page_id=13529","og_locale":"pt_BR","og_type":"article","og_title":"Blog","og_url":"https:\/\/demo02wesoftwaredesign.com.br\/?page_id=13529","og_site_name":"Hunos Import","article_publisher":"https:\/\/www.facebook.com\/hunosexpimp","twitter_card":"summary_large_image","schema":{"@context":"https:\/\/schema.org","@graph":[{"@type":["WebPage","CollectionPage"],"@id":"https:\/\/demo02wesoftwaredesign.com.br\/?page_id=13529","url":"https:\/\/demo02wesoftwaredesign.com.br\/?page_id=13529","name":"Blog - Hunos Import","isPartOf":{"@id":"https:\/\/demo02wesoftwaredesign.com.br\/#website"},"datePublished":"2023-07-18T21:02:29+00:00","breadcrumb":{"@id":"https:\/\/demo02wesoftwaredesign.com.br\/?page_id=13529#breadcrumb"},"inLanguage":"pt-BR"},{"@type":"BreadcrumbList","@id":"https:\/\/demo02wesoftwaredesign.com.br\/?page_id=13529#breadcrumb","itemListElement":[{"@type":"ListItem","position":1,"name":"In\u00edcio","item":"https:\/\/demo02wesoftwaredesign.com.br\/"},{"@type":"ListItem","position":2,"name":"Blog"}]},{"@type":"WebSite","@id":"https:\/\/demo02wesoftwaredesign.com.br\/#website","url":"https:\/\/demo02wesoftwaredesign.com.br\/","name":"Hunos Import","description":"Especialistas em Canton Fair, importa\u00e7\u00e3o e exporta\u00e7\u00e3o, transformamos oportunidades globais em resultados reais para a sua empresa","publisher":{"@id":"https:\/\/demo02wesoftwaredesign.com.br\/#organization"},"potentialAction":[{"@type":"SearchAction","target":{"@type":"EntryPoint","urlTemplate":"https:\/\/demo02wesoftwaredesign.com.br\/?s={search_term_string}"},"query-input":{"@type":"PropertyValueSpecification","valueRequired":true,"valueName":"search_term_string"}}],"inLanguage":"pt-BR"},{"@type":["Organization","Place"],"@id":"https:\/\/demo02wesoftwaredesign.com.br\/#organization","name":"Hunos Import","url":"https:\/\/demo02wesoftwaredesign.com.br\/","logo":{"@id":"https:\/\/demo02wesoftwaredesign.com.br\/?page_id=13529#local-main-organization-logo"},"image":{"@id":"https:\/\/demo02wesoftwaredesign.com.br\/?page_id=13529#local-main-organization-logo"},"sameAs":["https:\/\/www.facebook.com\/hunosexpimp"],"telephone":[],"openingHoursSpecification":[{"@type":"OpeningHoursSpecification","dayOfWeek":["Monday","Tuesday","Wednesday","Thursday","Friday","Saturday","Sunday"],"opens":"09:00","closes":"17:00"}]},{"@type":"ImageObject","inLanguage":"pt-BR","@id":"https:\/\/demo02wesoftwaredesign.com.br\/?page_id=13529#local-main-organization-logo","url":"https:\/\/demo02wesoftwaredesign.com.br\/wp-content\/uploads\/2025\/09\/logoaioficial.png","contentUrl":"https:\/\/demo02wesoftwaredesign.com.br\/wp-content\/uploads\/2025\/09\/logoaioficial.png","width":1010,"height":410,"caption":"Hunos Import"}]}},"_links":{"self":[{"href":"https:\/\/demo02wesoftwaredesign.com.br\/index.php?rest_route=\/wp\/v2\/pages\/13529","targetHints":{"allow":["GET"]}}],"collection":[{"href":"https:\/\/demo02wesoftwaredesign.com.br\/index.php?rest_route=\/wp\/v2\/pages"}],"about":[{"href":"https:\/\/demo02wesoftwaredesign.com.br\/index.php?rest_route=\/wp\/v2\/types\/page"}],"author":[{"embeddable":true,"href":"https:\/\/demo02wesoftwaredesign.com.br\/index.php?rest_route=\/wp\/v2\/users\/1"}],"replies":[{"embeddable":true,"href":"https:\/\/demo02wesoftwaredesign.com.br\/index.php?rest_route=%2Fwp%2Fv2%2Fcomments&post=13529"}],"version-history":[{"count":0,"href":"https:\/\/demo02wesoftwaredesign.com.br\/index.php?rest_route=\/wp\/v2\/pages\/13529\/revisions"}],"wp:attachment":[{"href":"https:\/\/demo02wesoftwaredesign.com.br\/index.php?rest_route=%2Fwp%2Fv2%2Fmedia&parent=13529"}],"curies":[{"name":"wp","href":"https:\/\/api.w.org\/{rel}","templated":true}]}}